{"id":401,"date":"2021-11-01T11:30:50","date_gmt":"2021-11-01T11:30:50","guid":{"rendered":"https:\/\/demo.athemes.com\/sydney-main\/?page_id=401"},"modified":"2023-01-31T12:15:16","modified_gmt":"2023-01-31T12:15:16","slug":"sobre-nos","status":"publish","type":"page","link":"https:\/\/fanello.com.br\/index.php\/sobre-nos\/","title":{"rendered":"Sobre N\u00f3s"},"content":{"rendered":"\t\t<div data-elementor-type=\"wp-page\" data-elementor-id=\"401\" class=\"elementor elementor-401\">\n\t\t\t\t\t\t\t\t\t<section class=\"elementor-section elementor-top-section elementor-element elementor-element-eedafb9 elementor-section-content-middle elementor-section-boxed elementor-section-height-default elementor-section-height-default\" data-id=\"eedafb9\" data-element_type=\"section\" data-settings=\"{&quot;background_background&quot;:&quot;slideshow&quot;,&quot;background_slideshow_gallery&quot;:[{&quot;id&quot;:2734,&quot;url&quot;:&quot;https:\\\/\\\/fanello.com.br\\\/wp-content\\\/uploads\\\/2022\\\/10\\\/sandrixroma.png&quot;}],&quot;background_slideshow_loop&quot;:&quot;yes&quot;,&quot;background_slideshow_slide_duration&quot;:5000,&quot;background_slideshow_slide_transition&quot;:&quot;fade&quot;,&quot;background_slideshow_transition_duration&quot;:500}\">\n\t\t\t\t\t\t\t<div class=\"elementor-background-overlay\"><\/div>\n\t\t\t\t\t\t\t<div class=\"elementor-container elementor-column-gap-default\">\n\t\t\t\t\t<div class=\"elementor-column elementor-col-100 elementor-top-column elementor-element elementor-element-bc4d4c0\" data-id=\"bc4d4c0\" data-element_type=\"column\">\n\t\t\t<div class=\"elementor-widget-wrap elementor-element-populated\">\n\t\t\t\t\t\t\t\t<div class=\"elementor-element elementor-element-ac43bf7 elementor-widget elementor-widget-heading\" data-id=\"ac43bf7\" data-element_type=\"widget\" data-widget_type=\"heading.default\">\n\t\t\t\t<div class=\"elementor-widget-container\">\n\t\t\t<style>\/*! elementor - v3.7.8 - 02-10-2022 *\/\n.elementor-heading-title{padding:0;margin:0;line-height:1}.elementor-widget-heading .elementor-heading-title[class*=elementor-size-]>a{color:inherit;font-size:inherit;line-height:inherit}.elementor-widget-heading .elementor-heading-title.elementor-size-small{font-size:15px}.elementor-widget-heading .elementor-heading-title.elementor-size-medium{font-size:19px}.elementor-widget-heading .elementor-heading-title.elementor-size-large{font-size:29px}.elementor-widget-heading .elementor-heading-title.elementor-size-xl{font-size:39px}.elementor-widget-heading .elementor-heading-title.elementor-size-xxl{font-size:59px}<\/style><h2 class=\"elementor-heading-title elementor-size-default\">Sobre N\u00f3s<\/h2>\t\t<\/div>\n\t\t\t\t<\/div>\n\t\t\t\t\t<\/div>\n\t\t<\/div>\n\t\t\t\t\t\t\t<\/div>\n\t\t<\/section>\n\t\t\t\t<section class=\"elementor-section elementor-top-section elementor-element elementor-element-6df613a elementor-section-content-middle elementor-section-full_width elementor-section-height-default elementor-section-height-default\" data-id=\"6df613a\" data-element_type=\"section\" data-settings=\"{&quot;background_background&quot;:&quot;classic&quot;}\">\n\t\t\t\t\t\t<div class=\"elementor-container elementor-column-gap-default\">\n\t\t\t\t\t<div class=\"elementor-column elementor-col-50 elementor-top-column elementor-element elementor-element-321e7c3\" data-id=\"321e7c3\" data-element_type=\"column\">\n\t\t\t<div class=\"elementor-widget-wrap elementor-element-populated\">\n\t\t\t\t\t\t\t\t<div class=\"elementor-element elementor-element-6125802 elementor-widget elementor-widget-spacer\" data-id=\"6125802\" data-element_type=\"widget\" data-widget_type=\"spacer.default\">\n\t\t\t\t<div class=\"elementor-widget-container\">\n\t\t\t<style>\/*! elementor - v3.7.8 - 02-10-2022 *\/\n.elementor-column .elementor-spacer-inner{height:var(--spacer-size)}.e-container{--container-widget-width:100%}.e-container>.elementor-widget-spacer{width:var(--container-widget-width,var(--spacer-size));-ms-flex-item-align:stretch;align-self:stretch;-ms-flex-negative:0;flex-shrink:0}.e-container>.elementor-widget-spacer>.elementor-widget-container,.e-container>.elementor-widget-spacer>.elementor-widget-container>.elementor-spacer{height:100%}.e-container>.elementor-widget-spacer>.elementor-widget-container>.elementor-spacer>.elementor-spacer-inner{height:var(--container-widget-height,var(--spacer-size))}<\/style>\t\t<div class=\"elementor-spacer\">\n\t\t\t<div class=\"elementor-spacer-inner\"><\/div>\n\t\t<\/div>\n\t\t\t\t<\/div>\n\t\t\t\t<\/div>\n\t\t\t\t<div class=\"elementor-element elementor-element-98a50b8 elementor-widget elementor-widget-heading\" data-id=\"98a50b8\" data-element_type=\"widget\" data-widget_type=\"heading.default\">\n\t\t\t\t<div class=\"elementor-widget-container\">\n\t\t\t<h6 class=\"elementor-heading-title elementor-size-default\">HIST\u00d3RIA<\/h6>\t\t<\/div>\n\t\t\t\t<\/div>\n\t\t\t\t<div class=\"elementor-element elementor-element-4c3211c elementor-widget elementor-widget-heading\" data-id=\"4c3211c\" data-element_type=\"widget\" data-widget_type=\"heading.default\">\n\t\t\t\t<div class=\"elementor-widget-container\">\n\t\t\t<h2 class=\"elementor-heading-title elementor-size-default\">Mais que uma empresa: nossa voca\u00e7\u00e3o!<\/h2>\t\t<\/div>\n\t\t\t\t<\/div>\n\t\t\t\t<div class=\"elementor-element elementor-element-087fce2 elementor-widget elementor-widget-text-editor\" data-id=\"087fce2\" data-element_type=\"widget\" data-widget_type=\"text-editor.default\">\n\t\t\t\t<div class=\"elementor-widget-container\">\n\t\t\t<style>\/*! elementor - v3.7.8 - 02-10-2022 *\/\n.elementor-widget-text-editor.elementor-drop-cap-view-stacked .elementor-drop-cap{background-color:#818a91;color:#fff}.elementor-widget-text-editor.elementor-drop-cap-view-framed .elementor-drop-cap{color:#818a91;border:3px solid;background-color:transparent}.elementor-widget-text-editor:not(.elementor-drop-cap-view-default) .elementor-drop-cap{margin-top:8px}.elementor-widget-text-editor:not(.elementor-drop-cap-view-default) .elementor-drop-cap-letter{width:1em;height:1em}.elementor-widget-text-editor .elementor-drop-cap{float:left;text-align:center;line-height:1;font-size:50px}.elementor-widget-text-editor .elementor-drop-cap-letter{display:inline-block}<\/style>\t\t\t\t<p>Dezoito anos atr\u00e1s minha esposa, que \u00e9 advogada, resolveu entender melhor a hist\u00f3ria da sua fam\u00edlia e colocar em pr\u00e1tica seu desejo de se tornar uma cidad\u00e3 italiana. Sem ter nenhuma experi\u00eancia sobre o assunto, ela fez in\u00fameras pesquisas e consultou diversas pessoas para entender como funcionava este longo processo.<\/p><p>Ap\u00f3s entender o procedimento, ela precisou descobrir onde e quando seu antepassado \u2013 no caso seu bisav\u00f4 &#8211; nasceu e, ap\u00f3s esta descoberta, ir em busca do referido documento na It\u00e1lia.<\/p><p>Finalmente com o documento em m\u00e3os, ela se deparou com mais um obst\u00e1culo: todos os documentos brasileiros de sua fam\u00edlia continham erros de registro que impediam sua utiliza\u00e7\u00e3o para este fim, motivo pelo qual ela precisou fazer a retifica\u00e7\u00e3o de todos eles.<\/p>\t\t\t\t\t\t<\/div>\n\t\t\t\t<\/div>\n\t\t\t\t\t<\/div>\n\t\t<\/div>\n\t\t\t\t<div class=\"elementor-column elementor-col-50 elementor-top-column elementor-element elementor-element-d47e069\" data-id=\"d47e069\" data-element_type=\"column\" data-settings=\"{&quot;background_background&quot;:&quot;slideshow&quot;,&quot;background_slideshow_gallery&quot;:[{&quot;id&quot;:2778,&quot;url&quot;:&quot;https:\\\/\\\/fanello.com.br\\\/wp-content\\\/uploads\\\/2022\\\/11\\\/Downloader.la-6361683a4a9dc.jpg&quot;}],&quot;background_slideshow_loop&quot;:&quot;yes&quot;,&quot;background_slideshow_slide_duration&quot;:5000,&quot;background_slideshow_slide_transition&quot;:&quot;fade&quot;,&quot;background_slideshow_transition_duration&quot;:500}\">\n\t\t\t<div class=\"elementor-widget-wrap elementor-element-populated\">\n\t\t\t\t\t\t\t\t<div class=\"elementor-element elementor-element-60682d3 elementor-widget elementor-widget-spacer\" data-id=\"60682d3\" data-element_type=\"widget\" data-widget_type=\"spacer.default\">\n\t\t\t\t<div class=\"elementor-widget-container\">\n\t\t\t\t\t<div class=\"elementor-spacer\">\n\t\t\t<div class=\"elementor-spacer-inner\"><\/div>\n\t\t<\/div>\n\t\t\t\t<\/div>\n\t\t\t\t<\/div>\n\t\t\t\t\t<\/div>\n\t\t<\/div>\n\t\t\t\t\t\t\t<\/div>\n\t\t<\/section>\n\t\t\t\t<section class=\"elementor-section elementor-top-section elementor-element elementor-element-2cc7dd7 elementor-section-content-middle elementor-section-full_width elementor-section-height-default elementor-section-height-default\" data-id=\"2cc7dd7\" data-element_type=\"section\" data-settings=\"{&quot;background_background&quot;:&quot;classic&quot;}\">\n\t\t\t\t\t\t<div class=\"elementor-container elementor-column-gap-default\">\n\t\t\t\t\t<div class=\"elementor-column elementor-col-50 elementor-top-column elementor-element elementor-element-19ae3e3 elementor-hidden-tablet elementor-hidden-mobile\" data-id=\"19ae3e3\" data-element_type=\"column\" data-settings=\"{&quot;background_background&quot;:&quot;slideshow&quot;,&quot;background_slideshow_gallery&quot;:[{&quot;id&quot;:2779,&quot;url&quot;:&quot;https:\\\/\\\/fanello.com.br\\\/wp-content\\\/uploads\\\/2022\\\/11\\\/pexels-alex-staudinger-1731834-scaled.jpg&quot;}],&quot;background_slideshow_loop&quot;:&quot;yes&quot;,&quot;background_slideshow_slide_duration&quot;:5000,&quot;background_slideshow_slide_transition&quot;:&quot;fade&quot;,&quot;background_slideshow_transition_duration&quot;:500}\">\n\t\t\t<div class=\"elementor-widget-wrap elementor-element-populated\">\n\t\t\t\t\t\t\t\t<div class=\"elementor-element elementor-element-9f7a472 elementor-widget elementor-widget-spacer\" data-id=\"9f7a472\" data-element_type=\"widget\" data-widget_type=\"spacer.default\">\n\t\t\t\t<div class=\"elementor-widget-container\">\n\t\t\t\t\t<div class=\"elementor-spacer\">\n\t\t\t<div class=\"elementor-spacer-inner\"><\/div>\n\t\t<\/div>\n\t\t\t\t<\/div>\n\t\t\t\t<\/div>\n\t\t\t\t\t<\/div>\n\t\t<\/div>\n\t\t\t\t<div class=\"elementor-column elementor-col-50 elementor-top-column elementor-element elementor-element-aec4c6b\" data-id=\"aec4c6b\" data-element_type=\"column\">\n\t\t\t<div class=\"elementor-widget-wrap elementor-element-populated\">\n\t\t\t\t\t\t\t\t<div class=\"elementor-element elementor-element-a49395d elementor-widget elementor-widget-text-editor\" data-id=\"a49395d\" data-element_type=\"widget\" data-widget_type=\"text-editor.default\">\n\t\t\t\t<div class=\"elementor-widget-container\">\n\t\t\t\t\t\t\t<p>Como se n\u00e3o bastassem os obst\u00e1culos j\u00e1 enfrentados at\u00e9 ali, ela que \u201centrou na fila\u201d do Consulado Italiano em S\u00e3o Paulo no ano de 2004, ap\u00f3s uma mudan\u00e7a de endere\u00e7o acabou por n\u00e3o receber a convoca\u00e7\u00e3o enviada por volta de 2014, o que, mesmo depois de 10 anos de espera, a impediu de conseguir a t\u00e3o sonhada cidadania italiana.<\/p><p>Por conta de mais este empecilho e j\u00e1 desanimada com tantos percal\u00e7os, ela acabou desistindo de dar continuidade a seu processo. Foi ent\u00e3o que, alguns anos depois, esse desejo se reacendeu e ela optou por dar continuidade ao processo de reconhecimento de cidadania italiana forma judicial, diretamente na It\u00e1lia.<\/p><p>Vendo sua luta, sua tristeza, seu desgaste e acompanhando cada etapa deste processo com ela, eu, que tamb\u00e9m sou advogado, acabei por me inspirar a criar esta empresa junto com ela, com o intuito de ajudar pessoas que, como ela, t\u00eam este sonho e precisam de ajuda para realiz\u00e1-lo. Como forma de homenagear sua hist\u00f3ria, resolvemos que a empresa levaria o sobrenome do seu bisav\u00f4, Nicola Fanello.<\/p>\t\t\t\t\t\t<\/div>\n\t\t\t\t<\/div>\n\t\t\t\t\t<\/div>\n\t\t<\/div>\n\t\t\t\t\t\t\t<\/div>\n\t\t<\/section>\n\t\t\t\t\t\t\t<\/div>\n\t\t","protected":false},"excerpt":{"rendered":"<p>Sobre N\u00f3s HIST\u00d3RIA Mais que uma empresa: nossa voca\u00e7\u00e3o! Dezoito anos atr\u00e1s minha esposa, que \u00e9 advogada, resolveu entender melhor a hist\u00f3ria [&hellip;]<\/p>\n","protected":false},"author":1,"featured_media":0,"parent":0,"menu_order":0,"comment_status":"closed","ping_status":"closed","template":"page-templates\/page_front-page.php","meta":{"_monsterinsights_skip_tracking":false,"_monsterinsights_sitenote_active":false,"_monsterinsights_sitenote_note":"","_monsterinsights_sitenote_category":0},"aioseo_notices":[],"rttpg_featured_image_url":null,"rttpg_author":{"display_name":"admin","author_link":"https:\/\/fanello.com.br\/index.php\/author\/admin\/"},"rttpg_comment":0,"rttpg_category":null,"rttpg_excerpt":"Sobre N\u00f3s HIST\u00d3RIA Mais que uma empresa: nossa voca\u00e7\u00e3o! Dezoito anos atr\u00e1s minha esposa, que \u00e9 advogada, resolveu entender melhor a hist\u00f3ria [&hellip;]","_links":{"self":[{"href":"https:\/\/fanello.com.br\/index.php\/wp-json\/wp\/v2\/pages\/401"}],"collection":[{"href":"https:\/\/fanello.com.br\/index.php\/wp-json\/wp\/v2\/pages"}],"about":[{"href":"https:\/\/fanello.com.br\/index.php\/wp-json\/wp\/v2\/types\/page"}],"author":[{"embeddable":true,"href":"https:\/\/fanello.com.br\/index.php\/wp-json\/wp\/v2\/users\/1"}],"replies":[{"embeddable":true,"href":"https:\/\/fanello.com.br\/index.php\/wp-json\/wp\/v2\/comments?post=401"}],"version-history":[{"count":37,"href":"https:\/\/fanello.com.br\/index.php\/wp-json\/wp\/v2\/pages\/401\/revisions"}],"predecessor-version":[{"id":3080,"href":"https:\/\/fanello.com.br\/index.php\/wp-json\/wp\/v2\/pages\/401\/revisions\/3080"}],"wp:attachment":[{"href":"https:\/\/fanello.com.br\/index.php\/wp-json\/wp\/v2\/media?parent=401"}],"curies":[{"name":"wp","href":"https:\/\/api.w.org\/{rel}","templated":true}]}}