{"id":3081,"date":"2023-01-31T12:18:14","date_gmt":"2023-01-31T12:18:14","guid":{"rendered":"https:\/\/fanello.com.br\/?page_id=3081"},"modified":"2023-01-31T12:32:48","modified_gmt":"2023-01-31T12:32:48","slug":"blog","status":"publish","type":"page","link":"https:\/\/fanello.com.br\/index.php\/blog\/","title":{"rendered":"Blog"},"content":{"rendered":"\t\t<div data-elementor-type=\"wp-page\" data-elementor-id=\"3081\" class=\"elementor elementor-3081\">\n\t\t\t\t\t\t\t\t\t<section class=\"elementor-section elementor-top-section elementor-element elementor-element-eedafb9 elementor-section-content-middle elementor-section-boxed elementor-section-height-default elementor-section-height-default\" data-id=\"eedafb9\" data-element_type=\"section\" data-settings=\"{&quot;background_background&quot;:&quot;slideshow&quot;,&quot;background_slideshow_gallery&quot;:[{&quot;id&quot;:2734,&quot;url&quot;:&quot;https:\\\/\\\/fanello.com.br\\\/wp-content\\\/uploads\\\/2022\\\/10\\\/sandrixroma.png&quot;}],&quot;background_slideshow_loop&quot;:&quot;yes&quot;,&quot;background_slideshow_slide_duration&quot;:5000,&quot;background_slideshow_slide_transition&quot;:&quot;fade&quot;,&quot;background_slideshow_transition_duration&quot;:500}\">\n\t\t\t\t\t\t\t<div class=\"elementor-background-overlay\"><\/div>\n\t\t\t\t\t\t\t<div class=\"elementor-container elementor-column-gap-default\">\n\t\t\t\t\t<div class=\"elementor-column elementor-col-100 elementor-top-column elementor-element elementor-element-bc4d4c0\" data-id=\"bc4d4c0\" data-element_type=\"column\">\n\t\t\t<div class=\"elementor-widget-wrap elementor-element-populated\">\n\t\t\t\t\t\t\t\t<div class=\"elementor-element elementor-element-ac43bf7 elementor-widget elementor-widget-heading\" data-id=\"ac43bf7\" data-element_type=\"widget\" data-widget_type=\"heading.default\">\n\t\t\t\t<div class=\"elementor-widget-container\">\n\t\t\t<style>\/*! elementor - v3.7.8 - 02-10-2022 *\/\n.elementor-heading-title{padding:0;margin:0;line-height:1}.elementor-widget-heading .elementor-heading-title[class*=elementor-size-]>a{color:inherit;font-size:inherit;line-height:inherit}.elementor-widget-heading .elementor-heading-title.elementor-size-small{font-size:15px}.elementor-widget-heading .elementor-heading-title.elementor-size-medium{font-size:19px}.elementor-widget-heading .elementor-heading-title.elementor-size-large{font-size:29px}.elementor-widget-heading .elementor-heading-title.elementor-size-xl{font-size:39px}.elementor-widget-heading .elementor-heading-title.elementor-size-xxl{font-size:59px}<\/style><h2 class=\"elementor-heading-title elementor-size-default\">Blog<\/h2>\t\t<\/div>\n\t\t\t\t<\/div>\n\t\t\t\t\t<\/div>\n\t\t<\/div>\n\t\t\t\t\t\t\t<\/div>\n\t\t<\/section>\n\t\t\t\t<section class=\"elementor-section elementor-top-section elementor-element elementor-element-b9c4fed elementor-section-boxed elementor-section-height-default elementor-section-height-default\" data-id=\"b9c4fed\" data-element_type=\"section\" data-settings=\"{&quot;background_background&quot;:&quot;classic&quot;}\">\n\t\t\t\t\t\t<div class=\"elementor-container elementor-column-gap-default\">\n\t\t\t\t\t<div class=\"elementor-column elementor-col-100 elementor-top-column elementor-element elementor-element-4091589\" data-id=\"4091589\" data-element_type=\"column\">\n\t\t\t<div class=\"elementor-widget-wrap elementor-element-populated\">\n\t\t\t\t\t\t\t\t<div class=\"elementor-element elementor-element-4d62bb4 meta-visibility-show title-default title_position_default title_hover_border_default img_hover_animation_default meta_position_default readmore-btn-default-style grid-hover-overlay-type-always tpg-el-box-border-enable elementor-widget elementor-widget-tpg-grid-layout\" data-id=\"4d62bb4\" data-element_type=\"widget\" data-widget_type=\"tpg-grid-layout.default\">\n\t\t\t\t<div class=\"elementor-widget-container\">\n\t\t\t        <div class=\"rt-container-fluid rt-tpg-container tpg-el-main-wrapper clearfix grid-layout4-main\"\r\n             id=\"rt-tpg-container-1028657001\"\r\n             data-layout=\"grid-layout4\"\r\n             data-grid-style=\"tpg-full-height\"\r\n             data-sc-id=\"elementor\"\r\n             data-el-settings=''\r\n             data-el-query=''\r\n             data-el-path=''\r\n        >\r\n\r\n\r\n\t\t\t<div class='tpg-header-wrapper '><\/div>\r\n            <div data-title=\"Loading ...\" class=\"rt-row rt-content-loader grid-layout4 grid-behaviour tpg-full-height grid_layout_wrapper\">\r\n\t\t\t\t\r\n<div class=\"rt-col-md-4 rt-col-sm-6 rt-col-xs-12 default rt-grid-item\" data-id=\"3127\">\r\n\t<div class=\"rt-holder tpg-post-holder\">\r\n\t\t<div class=\"rt-detail rt-el-content-wrapper\">\r\n\t\t\t\t\t\t\t<div class=\"rt-img-holder tpg-el-image-wrap has-thumbnail\">\r\n\t\t\t\t\t<a data-id=\"3127\" href=\"https:\/\/fanello.com.br\/index.php\/2023\/05\/03\/voce-sabe-o-que-e-apostila-ou-apostilamento-de-haia-e-porque-ele-e-necessario-caso-voce-precise-retificar-documentos-brasileiros-com-base-em-documentos-italianos\/\" class=\"tpg-post-link\" target=\"_self\">                        <img decoding=\"async\" loading=\"lazy\" src=\"https:\/\/fanello.com.br\/wp-content\/uploads\/2023\/05\/Voce-sabe-o-que-e-1-300x300.png\"\r\n                             class=\"rt-img-responsive\"\r\n                             width=\"300\"\r\n                             height=\"300\"\r\n                             alt=\"Voc\u00ea sabe o que \u00e9 Apostila ou Apostilamento de Haia e porque ele \u00e9 necess\u00e1rio caso voc\u00ea precise retificar documentos brasileiros com base em documentos italianos?\">\r\n\t\t\t\t\t\t\r\n\t\t\t\t\t\t\t\r\n\t\t<\/a>\r\n\t\t        <div class=\"overlay grid-hover-content\"><\/div>\r\n\t\t\t\t\t\t<\/div>\r\n\t\t\t\r\n\t\t\t<div class=\"entry-title-wrapper\"><h3 class=\"entry-title\"><a data-id=\"3127\" href=\"https:\/\/fanello.com.br\/index.php\/2023\/05\/03\/voce-sabe-o-que-e-apostila-ou-apostilamento-de-haia-e-porque-ele-e-necessario-caso-voce-precise-retificar-documentos-brasileiros-com-base-em-documentos-italianos\/\" class=\"tpg-post-link\" target=\"_self\">Voc\u00ea sabe o que \u00e9 Apostila ou Apostilamento de Haia e porque ele \u00e9 necess\u00e1rio caso voc\u00ea precise retificar documentos brasileiros com base em documentos italianos?<\/a><\/h3><\/div>\r\n\t\t\t\t\t\t\t<div class=\"post-meta-tags rt-el-post-meta\">\r\n\t\t\t\t\t\t\t\t\t<\/div>\r\n\t\t\t\r\n\t\t\t\r\n\t\t\t        <div class=\"post-footer\">\r\n            <div class=\"read-more\">\r\n\t\t\t\t<a data-id=\"3127\" href=\"https:\/\/fanello.com.br\/index.php\/2023\/05\/03\/voce-sabe-o-que-e-apostila-ou-apostilamento-de-haia-e-porque-ele-e-necessario-caso-voce-precise-retificar-documentos-brasileiros-com-base-em-documentos-italianos\/\" class=\"tpg-post-link\" target=\"_self\">Leia Mais<\/a>            <\/div>\r\n        <\/div>\r\n\t\t\t\t<\/div>\r\n\t<\/div>\r\n<\/div>\r\n\r\n<div class=\"rt-col-md-4 rt-col-sm-6 rt-col-xs-12 default rt-grid-item\" data-id=\"3104\">\r\n\t<div class=\"rt-holder tpg-post-holder\">\r\n\t\t<div class=\"rt-detail rt-el-content-wrapper\">\r\n\t\t\t\t\t\t\t<div class=\"rt-img-holder tpg-el-image-wrap has-thumbnail\">\r\n\t\t\t\t\t<a data-id=\"3104\" href=\"https:\/\/fanello.com.br\/index.php\/2023\/02\/14\/a-cidadania-italiana-por-via-materna-e-a-necessidade-de-interposicao-de-processo-judicial\/\" class=\"tpg-post-link\" target=\"_self\">                        <img decoding=\"async\" loading=\"lazy\" src=\"https:\/\/fanello.com.br\/wp-content\/uploads\/2023\/02\/post-blog-300x251.png\"\r\n                             class=\"rt-img-responsive\"\r\n                             width=\"300\"\r\n                             height=\"251\"\r\n                             alt=\"A cidadania italiana por via materna e a necessidade de interposi\u00e7\u00e3o de processo judicial\">\r\n\t\t\t\t\t\t\r\n\t\t\t\t\t\t\t\r\n\t\t<\/a>\r\n\t\t        <div class=\"overlay grid-hover-content\"><\/div>\r\n\t\t\t\t\t\t<\/div>\r\n\t\t\t\r\n\t\t\t<div class=\"entry-title-wrapper\"><h3 class=\"entry-title\"><a data-id=\"3104\" href=\"https:\/\/fanello.com.br\/index.php\/2023\/02\/14\/a-cidadania-italiana-por-via-materna-e-a-necessidade-de-interposicao-de-processo-judicial\/\" class=\"tpg-post-link\" target=\"_self\">A cidadania italiana por via materna e a necessidade de interposi\u00e7\u00e3o de processo judicial<\/a><\/h3><\/div>\r\n\t\t\t\t\t\t\t<div class=\"post-meta-tags rt-el-post-meta\">\r\n\t\t\t\t\t\t\t\t\t<\/div>\r\n\t\t\t\r\n\t\t\t\r\n\t\t\t        <div class=\"post-footer\">\r\n            <div class=\"read-more\">\r\n\t\t\t\t<a data-id=\"3104\" href=\"https:\/\/fanello.com.br\/index.php\/2023\/02\/14\/a-cidadania-italiana-por-via-materna-e-a-necessidade-de-interposicao-de-processo-judicial\/\" class=\"tpg-post-link\" target=\"_self\">Leia Mais<\/a>            <\/div>\r\n        <\/div>\r\n\t\t\t\t<\/div>\r\n\t<\/div>\r\n<\/div>\r\n\r\n<div class=\"rt-col-md-4 rt-col-sm-6 rt-col-xs-12 default rt-grid-item\" data-id=\"3099\">\r\n\t<div class=\"rt-holder tpg-post-holder\">\r\n\t\t<div class=\"rt-detail rt-el-content-wrapper\">\r\n\t\t\t\t\t\t\t<div class=\"rt-img-holder tpg-el-image-wrap has-thumbnail\">\r\n\t\t\t\t\t<a data-id=\"3099\" href=\"https:\/\/fanello.com.br\/index.php\/2023\/02\/02\/requisitos-para-obtencao-da-cidadania-italiana-pelo-casamento\/\" class=\"tpg-post-link\" target=\"_self\">                        <img decoding=\"async\" loading=\"lazy\" src=\"https:\/\/fanello.com.br\/wp-content\/uploads\/2023\/02\/Post-4-300x240.png\"\r\n                             class=\"rt-img-responsive\"\r\n                             width=\"300\"\r\n                             height=\"240\"\r\n                             alt=\"Requisitos para obten\u00e7\u00e3o da cidadania italiana pelo casamento\">\r\n\t\t\t\t\t\t\r\n\t\t\t\t\t\t\t\r\n\t\t<\/a>\r\n\t\t        <div class=\"overlay grid-hover-content\"><\/div>\r\n\t\t\t\t\t\t<\/div>\r\n\t\t\t\r\n\t\t\t<div class=\"entry-title-wrapper\"><h3 class=\"entry-title\"><a data-id=\"3099\" href=\"https:\/\/fanello.com.br\/index.php\/2023\/02\/02\/requisitos-para-obtencao-da-cidadania-italiana-pelo-casamento\/\" class=\"tpg-post-link\" target=\"_self\">Requisitos para obten\u00e7\u00e3o da cidadania italiana pelo casamento<\/a><\/h3><\/div>\r\n\t\t\t\t\t\t\t<div class=\"post-meta-tags rt-el-post-meta\">\r\n\t\t\t\t\t\t\t\t\t<\/div>\r\n\t\t\t\r\n\t\t\t\r\n\t\t\t        <div class=\"post-footer\">\r\n            <div class=\"read-more\">\r\n\t\t\t\t<a data-id=\"3099\" href=\"https:\/\/fanello.com.br\/index.php\/2023\/02\/02\/requisitos-para-obtencao-da-cidadania-italiana-pelo-casamento\/\" class=\"tpg-post-link\" target=\"_self\">Leia Mais<\/a>            <\/div>\r\n        <\/div>\r\n\t\t\t\t<\/div>\r\n\t<\/div>\r\n<\/div>\r\n\r\n<div class=\"rt-col-md-4 rt-col-sm-6 rt-col-xs-12 default rt-grid-item\" data-id=\"3072\">\r\n\t<div class=\"rt-holder tpg-post-holder\">\r\n\t\t<div class=\"rt-detail rt-el-content-wrapper\">\r\n\t\t\t\t\t\t\t<div class=\"rt-img-holder tpg-el-image-wrap has-thumbnail\">\r\n\t\t\t\t\t<a data-id=\"3072\" href=\"https:\/\/fanello.com.br\/index.php\/2023\/01\/26\/o-que-e-cidadania-ius-saguini\/\" class=\"tpg-post-link\" target=\"_self\">                        <img decoding=\"async\" loading=\"lazy\" src=\"https:\/\/fanello.com.br\/wp-content\/uploads\/2023\/01\/Post-3.jpg-site-300x223.jpg\"\r\n                             class=\"rt-img-responsive\"\r\n                             width=\"300\"\r\n                             height=\"223\"\r\n                             alt=\"O que \u00e9 cidadania &#8220;ius saguini&#8221;?\">\r\n\t\t\t\t\t\t\r\n\t\t\t\t\t\t\t\r\n\t\t<\/a>\r\n\t\t        <div class=\"overlay grid-hover-content\"><\/div>\r\n\t\t\t\t\t\t<\/div>\r\n\t\t\t\r\n\t\t\t<div class=\"entry-title-wrapper\"><h3 class=\"entry-title\"><a data-id=\"3072\" href=\"https:\/\/fanello.com.br\/index.php\/2023\/01\/26\/o-que-e-cidadania-ius-saguini\/\" class=\"tpg-post-link\" target=\"_self\">O que \u00e9 cidadania &#8220;ius saguini&#8221;?<\/a><\/h3><\/div>\r\n\t\t\t\t\t\t\t<div class=\"post-meta-tags rt-el-post-meta\">\r\n\t\t\t\t\t\t\t\t\t<\/div>\r\n\t\t\t\r\n\t\t\t\r\n\t\t\t        <div class=\"post-footer\">\r\n            <div class=\"read-more\">\r\n\t\t\t\t<a data-id=\"3072\" href=\"https:\/\/fanello.com.br\/index.php\/2023\/01\/26\/o-que-e-cidadania-ius-saguini\/\" class=\"tpg-post-link\" target=\"_self\">Leia Mais<\/a>            <\/div>\r\n        <\/div>\r\n\t\t\t\t<\/div>\r\n\t<\/div>\r\n<\/div>\r\n\r\n<div class=\"rt-col-md-4 rt-col-sm-6 rt-col-xs-12 default rt-grid-item\" data-id=\"3062\">\r\n\t<div class=\"rt-holder tpg-post-holder\">\r\n\t\t<div class=\"rt-detail rt-el-content-wrapper\">\r\n\t\t\t\t\t\t\t<div class=\"rt-img-holder tpg-el-image-wrap has-thumbnail\">\r\n\t\t\t\t\t<a data-id=\"3062\" href=\"https:\/\/fanello.com.br\/index.php\/2023\/01\/26\/o-que-e-tese-da-grande-naturalizacao-e-por-que-ela-deixou-de-ser-um-problema-para-os-descendentes-que-buscam-sua-cidadania-italiana\/\" class=\"tpg-post-link\" target=\"_self\">                        <img decoding=\"async\" loading=\"lazy\" src=\"https:\/\/fanello.com.br\/wp-content\/uploads\/2023\/01\/navio-300x240.png\"\r\n                             class=\"rt-img-responsive\"\r\n                             width=\"300\"\r\n                             height=\"240\"\r\n                             alt=\"O que \u00e9 tese da Grande Naturaliza\u00e7\u00e3o e por que ela deixou de ser um problema para os descendentes que buscam sua cidadania italiana?\">\r\n\t\t\t\t\t\t\r\n\t\t\t\t\t\t\t\r\n\t\t<\/a>\r\n\t\t        <div class=\"overlay grid-hover-content\"><\/div>\r\n\t\t\t\t\t\t<\/div>\r\n\t\t\t\r\n\t\t\t<div class=\"entry-title-wrapper\"><h3 class=\"entry-title\"><a data-id=\"3062\" href=\"https:\/\/fanello.com.br\/index.php\/2023\/01\/26\/o-que-e-tese-da-grande-naturalizacao-e-por-que-ela-deixou-de-ser-um-problema-para-os-descendentes-que-buscam-sua-cidadania-italiana\/\" class=\"tpg-post-link\" target=\"_self\">O que \u00e9 tese da Grande Naturaliza\u00e7\u00e3o e por que ela deixou de ser um problema para os descendentes que buscam sua cidadania italiana?<\/a><\/h3><\/div>\r\n\t\t\t\t\t\t\t<div class=\"post-meta-tags rt-el-post-meta\">\r\n\t\t\t\t\t\t\t\t\t<\/div>\r\n\t\t\t\r\n\t\t\t\r\n\t\t\t        <div class=\"post-footer\">\r\n            <div class=\"read-more\">\r\n\t\t\t\t<a data-id=\"3062\" href=\"https:\/\/fanello.com.br\/index.php\/2023\/01\/26\/o-que-e-tese-da-grande-naturalizacao-e-por-que-ela-deixou-de-ser-um-problema-para-os-descendentes-que-buscam-sua-cidadania-italiana\/\" class=\"tpg-post-link\" target=\"_self\">Leia Mais<\/a>            <\/div>\r\n        <\/div>\r\n\t\t\t\t<\/div>\r\n\t<\/div>\r\n<\/div>\r\n\r\n<div class=\"rt-col-md-4 rt-col-sm-6 rt-col-xs-12 default rt-grid-item\" data-id=\"3054\">\r\n\t<div class=\"rt-holder tpg-post-holder\">\r\n\t\t<div class=\"rt-detail rt-el-content-wrapper\">\r\n\t\t\t\t\t\t\t<div class=\"rt-img-holder tpg-el-image-wrap has-thumbnail\">\r\n\t\t\t\t\t<a data-id=\"3054\" href=\"https:\/\/fanello.com.br\/index.php\/2023\/01\/26\/passaporte-italiano-e-considerado-o-4o-passaporte-mais-forte-do-mundo\/\" class=\"tpg-post-link\" target=\"_self\">                        <img decoding=\"async\" loading=\"lazy\" src=\"https:\/\/fanello.com.br\/wp-content\/uploads\/2023\/01\/Design-sem-nome-1-300x201.png\"\r\n                             class=\"rt-img-responsive\"\r\n                             width=\"300\"\r\n                             height=\"201\"\r\n                             alt=\"Passaporte italiano \u00e9 considerado o 4\u00ba passaporte mais forte do mundo\">\r\n\t\t\t\t\t\t\r\n\t\t\t\t\t\t\t\r\n\t\t<\/a>\r\n\t\t        <div class=\"overlay grid-hover-content\"><\/div>\r\n\t\t\t\t\t\t<\/div>\r\n\t\t\t\r\n\t\t\t<div class=\"entry-title-wrapper\"><h3 class=\"entry-title\"><a data-id=\"3054\" href=\"https:\/\/fanello.com.br\/index.php\/2023\/01\/26\/passaporte-italiano-e-considerado-o-4o-passaporte-mais-forte-do-mundo\/\" class=\"tpg-post-link\" target=\"_self\">Passaporte italiano \u00e9 considerado o 4\u00ba passaporte mais forte do mundo<\/a><\/h3><\/div>\r\n\t\t\t\t\t\t\t<div class=\"post-meta-tags rt-el-post-meta\">\r\n\t\t\t\t\t\t\t\t\t<\/div>\r\n\t\t\t\r\n\t\t\t\r\n\t\t\t        <div class=\"post-footer\">\r\n            <div class=\"read-more\">\r\n\t\t\t\t<a data-id=\"3054\" href=\"https:\/\/fanello.com.br\/index.php\/2023\/01\/26\/passaporte-italiano-e-considerado-o-4o-passaporte-mais-forte-do-mundo\/\" class=\"tpg-post-link\" target=\"_self\">Leia Mais<\/a>            <\/div>\r\n        <\/div>\r\n\t\t\t\t<\/div>\r\n\t<\/div>\r\n<\/div>\r\n            <\/div>\r\n\t\t\t\r\n        <\/div>\r\n\t\t\t\t<\/div>\n\t\t\t\t<\/div>\n\t\t\t\t\t<\/div>\n\t\t<\/div>\n\t\t\t\t\t\t\t<\/div>\n\t\t<\/section>\n\t\t\t\t\t\t\t<\/div>\n\t\t","protected":false},"excerpt":{"rendered":"<p>Blog O que \u00e9 cidadania &#8220;ius saguini&#8221;? Leia Mais O que \u00e9 tese da Grande Naturaliza\u00e7\u00e3o e por que ela deixou de [&hellip;]<\/p>\n","protected":false},"author":1,"featured_media":0,"parent":0,"menu_order":0,"comment_status":"closed","ping_status":"closed","template":"page-templates\/page_front-page.php","meta":{"_monsterinsights_skip_tracking":false,"_monsterinsights_sitenote_active":false,"_monsterinsights_sitenote_note":"","_monsterinsights_sitenote_category":0},"aioseo_notices":[],"rttpg_featured_image_url":null,"rttpg_author":{"display_name":"admin","author_link":"https:\/\/fanello.com.br\/index.php\/author\/admin\/"},"rttpg_comment":0,"rttpg_category":"","rttpg_excerpt":"Blog O que \u00e9 cidadania &#8220;ius saguini&#8221;? Leia Mais O que \u00e9 tese da Grande Naturaliza\u00e7\u00e3o e por que ela deixou de [&hellip;]","_links":{"self":[{"href":"https:\/\/fanello.com.br\/index.php\/wp-json\/wp\/v2\/pages\/3081"}],"collection":[{"href":"https:\/\/fanello.com.br\/index.php\/wp-json\/wp\/v2\/pages"}],"about":[{"href":"https:\/\/fanello.com.br\/index.php\/wp-json\/wp\/v2\/types\/page"}],"author":[{"embeddable":true,"href":"https:\/\/fanello.com.br\/index.php\/wp-json\/wp\/v2\/users\/1"}],"replies":[{"embeddable":true,"href":"https:\/\/fanello.com.br\/index.php\/wp-json\/wp\/v2\/comments?post=3081"}],"version-history":[{"count":6,"href":"https:\/\/fanello.com.br\/index.php\/wp-json\/wp\/v2\/pages\/3081\/revisions"}],"predecessor-version":[{"id":3087,"href":"https:\/\/fanello.com.br\/index.php\/wp-json\/wp\/v2\/pages\/3081\/revisions\/3087"}],"wp:attachment":[{"href":"https:\/\/fanello.com.br\/index.php\/wp-json\/wp\/v2\/media?parent=3081"}],"curies":[{"name":"wp","href":"https:\/\/api.w.org\/{rel}","templated":true}]}}